{"id":873,"date":"2023-11-06T18:33:43","date_gmt":"2023-11-06T18:33:43","guid":{"rendered":"https:\/\/sinologija.ffzg.unizg.hr\/?page_id=873"},"modified":"2024-03-10T10:41:59","modified_gmt":"2024-03-10T10:41:59","slug":"mr-sc-cai-shengkai-lektor","status":"publish","type":"page","link":"https:\/\/sinologija.ffzg.unizg.hr\/?page_id=873","title":{"rendered":"Cai Shengkai"},"content":{"rendered":"\n<p>Cai Shengkai diplomirao je 2006. godine na Zhengzhou Sveu\u010dili\u0161tu, gdje je 2016. godine stekao i akademski stupanj magistra znanosti. Tri godine predavao je kineski jezik u Nepalu, a dodatne dvije i u Sjedinjenim Ameri\u010dkim Dr\u017eavama. 2019. godine, dobio je nagradu za izvrsnost u nastavi (Annual Outstanding Teacher Award in Songshan Shaolin Wushu Vocational College), a pro\u0161ao je i specijalizirani program za nastavnike kineskog jezika neizvornim govornicima nadle\u017ene kineske institucije &#8211; nekada\u0161njeg Hanbana (Centre for Language Education and Cooperation). Njegovi istra\u017eiva\u010dki interesi usmjereni su na metode pou\u010davanja kineskog jezika, posebice njegove leksikologije. U slobodno vrijeme bavi se vje\u017ebanjem Shaolin <em>kung fua<\/em> i <em>taiji quana<\/em>.<\/p>\n\n\n\n<figure class=\"wp-block-image size-large is-resized\"><a href=\"https:\/\/sinologija.ffzg.unizg.hr\/wp-content\/uploads\/2023\/11\/Screenshot-2023-11-06-at-19.32.54.png\"><img src=\"https:\/\/sinologija.ffzg.unizg.hr\/wp-content\/uploads\/2023\/11\/Screenshot-2023-11-06-at-19.32.54-1024x768.png\" alt=\"\" class=\"wp-image-874\" width=\"300\" srcset=\"https:\/\/sinologija.ffzg.unizg.hr\/wp-content\/uploads\/2023\/11\/Screenshot-2023-11-06-at-19.32.54-1024x768.png 1024w, https:\/\/sinologija.ffzg.unizg.hr\/wp-content\/uploads\/2023\/11\/Screenshot-2023-11-06-at-19.32.54-300x225.png 300w, https:\/\/sinologija.ffzg.unizg.hr\/wp-content\/uploads\/2023\/11\/Screenshot-2023-11-06-at-19.32.54-768x576.png 768w, https:\/\/sinologija.ffzg.unizg.hr\/wp-content\/uploads\/2023\/11\/Screenshot-2023-11-06-at-19.32.54.png 1032w\" sizes=\"(max-width: 1024px) 100vw, 1024px\" \/><\/a><\/figure>\n","protected":false},"excerpt":{"rendered":"<p>Cai Shengkai diplomirao je 2006. godine na Zhengzhou Sveu\u010dili\u0161tu, gdje je 2016. godine stekao i akademski stupanj magistra znanosti. Tri godine predavao je kineski jezik u Nepalu, a dodatne dvije i u Sjedinjenim Ameri\u010dkim Dr\u017eavama. 2019. godine, dobio je nagradu za izvrsnost u nastavi (Annual Outstanding Teacher Award in Songshan Shaolin Wushu Vocational College), a &hellip; <a href=\"https:\/\/sinologija.ffzg.unizg.hr\/?page_id=873\" class=\"more-link\">Continue reading <span class=\"screen-reader-text\">Cai Shengkai<\/span> <span class=\"meta-nav\">&rarr;<\/span><\/a><\/p>\n","protected":false},"author":1,"featured_media":0,"parent":0,"menu_order":0,"comment_status":"closed","ping_status":"closed","template":"","meta":[],"_links":{"self":[{"href":"https:\/\/sinologija.ffzg.unizg.hr\/index.php?rest_route=\/wp\/v2\/pages\/873"}],"collection":[{"href":"https:\/\/sinologija.ffzg.unizg.hr\/index.php?rest_route=\/wp\/v2\/pages"}],"about":[{"href":"https:\/\/sinologija.ffzg.unizg.hr\/index.php?rest_route=\/wp\/v2\/types\/page"}],"author":[{"embeddable":true,"href":"https:\/\/sinologija.ffzg.unizg.hr\/index.php?rest_route=\/wp\/v2\/users\/1"}],"replies":[{"embeddable":true,"href":"https:\/\/sinologija.ffzg.unizg.hr\/index.php?rest_route=%2Fwp%2Fv2%2Fcomments&post=873"}],"version-history":[{"count":6,"href":"https:\/\/sinologija.ffzg.unizg.hr\/index.php?rest_route=\/wp\/v2\/pages\/873\/revisions"}],"predecessor-version":[{"id":1694,"href":"https:\/\/sinologija.ffzg.unizg.hr\/index.php?rest_route=\/wp\/v2\/pages\/873\/revisions\/1694"}],"wp:attachment":[{"href":"https:\/\/sinologija.ffzg.unizg.hr\/index.php?rest_route=%2Fwp%2Fv2%2Fmedia&parent=873"}],"curies":[{"name":"wp","href":"https:\/\/api.w.org\/{rel}","templated":true}]}}