{"id":2896,"date":"2026-02-23T21:34:58","date_gmt":"2026-02-23T21:34:58","guid":{"rendered":"https:\/\/sinologija.ffzg.unizg.hr\/?page_id=2896"},"modified":"2026-02-23T21:59:57","modified_gmt":"2026-02-23T21:59:57","slug":"zavrsni-ispit","status":"publish","type":"page","link":"https:\/\/sinologija.ffzg.unizg.hr\/?page_id=2896","title":{"rendered":"Prijediplomski studij: zavr\u0161ni ispit"},"content":{"rendered":"\n<p>Zavr\u0161nim ispitom utvr\u0111uje se i provjerava znanje ste\u010deno tijekom prijediplomskog studija sinologije.<\/p>\n\n\n\n<p>1. Uvjeti za pristup zavr\u0161nom ispitu:<\/p>\n\n\n\n<p>\u00b7 polo\u017eeni svi ispiti predvi\u0111eni studijskim programom<\/p>\n\n\n\n<p>\u00b7 prikupljeno najmanje 90 ECTS bodova<\/p>\n\n\n\n<p>\u00b7 potvrda o sudjelovanju u jednom projektu ili aktivnosti Katedre za sinologiju,* potpisana od strane nastavnika i s navedenim sadr\u017eajem obavljenog projekta\/aktivnosti<\/p>\n\n\n\n<p>2. Zavr\u0161ni ispit sastoji se od:<\/p>\n\n\n\n<p>\u00b7 prijevoda odlomka (200\u2013300 znakova) iz stru\u010dnog \u010dlanka, za koji se ne o\u010dekuje specijalisti\u010dko znanje, s kineskog na hrvatski jezik i obratno, uz pomo\u0107 tiskanog rje\u010dnika (45 min) \u2013 20% ukupne ocjene<\/p>\n\n\n\n<p>\u00b7 po dva pitanja otvorenog tipa iz sljede\u0107ih predmeta (studenti za pripremu unaprijed dobivaju oko 20 pitanja iz svakog podru\u010dja) \u2013 80% ukupne ocjene:<\/p>\n\n\n\n<p>\u2022 Povijest Kine<\/p>\n\n\n\n<p>\u2022 Razvoj kineskog pisma <\/p>\n\n\n\n<p>\u2022 Uvod u kinesku lingvistiku<\/p>\n\n\n\n<p>\u2022 Odabrane teme iz kineske kulture i civilizacije <\/p>\n\n\n\n<p>\u2022 Odabrane teme iz suvremenog kineskog dru\u0161tva<\/p>\n\n\n\n<p>\u2022 Povijest kineske knji\u017eevnosti<\/p>\n\n\n\n<p>\u2022 \u010citanje starokineskog teksta<\/p>\n\n\n\n<p><\/p>\n\n\n\n<p>* Sudjelovanje u ure\u0111ivanju web stranice Katedre i profila Katedre na dru\u0161tvenim mre\u017eama (npr. snimanje fotografija i video sadr\u017eaja, priprema \u010dlanaka i objava, novinarski rad (intervjui, reporta\u017ee)); dizajniranje vizualnog sadr\u017eaja, slikanje, crtanje (za promotivne potrebe Katedre ili doga\u0111aje u organizaciji Katedre); sviranje glazbenog instrumenta, javni govor i izvedbe odn. vo\u0111enje programa u organizaciji Katedre; organizacija ili pomo\u0107 u organizaciji doga\u0111aja i pru\u017eanje informacija za vrijeme doga\u0111aja Katedre; organizacija ili sudjelovanje u kineskom \u010ditala\u010dkom ili dramskom klubu; mentoriranje studenata ni\u017eih godina; organizacija i vo\u0111enje zajedni\u010dkog u\u010denja za pojedine kolegije (<em>study group<\/em>) i dr.<\/p>\n\n\n\n<div class=\"wp-block-file\"><a href=\"https:\/\/sinologija.ffzg.unizg.hr\/wp-content\/uploads\/2026\/02\/Potvrda-o-sudjelovanju-.pdf\">Potvrda-o-sudjelovanju-<\/a><a href=\"https:\/\/sinologija.ffzg.unizg.hr\/wp-content\/uploads\/2026\/02\/Potvrda-o-sudjelovanju-.pdf\" class=\"wp-block-file__button\" download>Download<\/a><\/div>\n","protected":false},"excerpt":{"rendered":"<p>Zavr\u0161nim ispitom utvr\u0111uje se i provjerava znanje ste\u010deno tijekom prijediplomskog studija sinologije. 1. Uvjeti za pristup zavr\u0161nom ispitu: \u00b7 polo\u017eeni svi ispiti predvi\u0111eni studijskim programom \u00b7 prikupljeno najmanje 90 ECTS bodova \u00b7 potvrda o sudjelovanju u jednom projektu ili aktivnosti Katedre za sinologiju,* potpisana od strane nastavnika i s navedenim sadr\u017eajem obavljenog projekta\/aktivnosti 2. Zavr\u0161ni &hellip; <a href=\"https:\/\/sinologija.ffzg.unizg.hr\/?page_id=2896\" class=\"more-link\">Continue reading <span class=\"screen-reader-text\">Prijediplomski studij: zavr\u0161ni ispit<\/span> <span class=\"meta-nav\">&rarr;<\/span><\/a><\/p>\n","protected":false},"author":1,"featured_media":0,"parent":0,"menu_order":0,"comment_status":"closed","ping_status":"closed","template":"","meta":[],"_links":{"self":[{"href":"https:\/\/sinologija.ffzg.unizg.hr\/index.php?rest_route=\/wp\/v2\/pages\/2896"}],"collection":[{"href":"https:\/\/sinologija.ffzg.unizg.hr\/index.php?rest_route=\/wp\/v2\/pages"}],"about":[{"href":"https:\/\/sinologija.ffzg.unizg.hr\/index.php?rest_route=\/wp\/v2\/types\/page"}],"author":[{"embeddable":true,"href":"https:\/\/sinologija.ffzg.unizg.hr\/index.php?rest_route=\/wp\/v2\/users\/1"}],"replies":[{"embeddable":true,"href":"https:\/\/sinologija.ffzg.unizg.hr\/index.php?rest_route=%2Fwp%2Fv2%2Fcomments&post=2896"}],"version-history":[{"count":9,"href":"https:\/\/sinologija.ffzg.unizg.hr\/index.php?rest_route=\/wp\/v2\/pages\/2896\/revisions"}],"predecessor-version":[{"id":2909,"href":"https:\/\/sinologija.ffzg.unizg.hr\/index.php?rest_route=\/wp\/v2\/pages\/2896\/revisions\/2909"}],"wp:attachment":[{"href":"https:\/\/sinologija.ffzg.unizg.hr\/index.php?rest_route=%2Fwp%2Fv2%2Fmedia&parent=2896"}],"curies":[{"name":"wp","href":"https:\/\/api.w.org\/{rel}","templated":true}]}}