{"id":2522,"date":"2025-02-06T14:14:03","date_gmt":"2025-02-06T14:14:03","guid":{"rendered":"https:\/\/sinologija.ffzg.unizg.hr\/?page_id=2522"},"modified":"2025-02-06T14:14:03","modified_gmt":"2025-02-06T14:14:03","slug":"yang-lurong","status":"publish","type":"page","link":"https:\/\/sinologija.ffzg.unizg.hr\/?page_id=2522","title":{"rendered":"Yang Lurong"},"content":{"rendered":"\n<p>Yang Lurong ro\u0111ena je u Huhhotu, u Autonomnoj regiji Unutarnja Mongolija, u Narodnoj Republici Kini. Magistrirala je na Nanyang Tehnolo\u0161kom Sveu\u010dili\u0161tu iz podru\u010dja primijenjene lingvistike. Od 2004. godine predaje engleski jezik na Sveu\u010dili\u0161tu za umjetnost u Unutarnjoj Mongoliji, a kineski jezik i kulturu predavala je na Sveu\u010dili\u0161tu Vermont u Sjedinjenim Ameri\u010dkim Dr\u017eavama. Osim podu\u010davanja jezika, Lurong aktivno istra\u017euje i umjetni\u010dke teme kao \u0161to je kulturni utjecaj kineskog slikarstva u zemljama engleskog govornog podru\u010dja.<\/p>\n\n\n\n<div class=\"wp-block-group\"><div class=\"wp-block-group__inner-container\">\n<figure class=\"wp-block-image size-large is-resized\"><a href=\"https:\/\/sinologija.ffzg.unizg.hr\/wp-content\/uploads\/2025\/02\/Screenshot-2025-02-06-at-15.09.13-1.png\"><img loading=\"lazy\" src=\"https:\/\/sinologija.ffzg.unizg.hr\/wp-content\/uploads\/2025\/02\/Screenshot-2025-02-06-at-15.09.13-1-1024x857.png\" alt=\"\" class=\"wp-image-2524\" width=\"300\" height=\"254\"\/><\/a><\/figure>\n<\/div><\/div>\n","protected":false},"excerpt":{"rendered":"<p>Yang Lurong ro\u0111ena je u Huhhotu, u Autonomnoj regiji Unutarnja Mongolija, u Narodnoj Republici Kini. Magistrirala je na Nanyang Tehnolo\u0161kom Sveu\u010dili\u0161tu iz podru\u010dja primijenjene lingvistike. Od 2004. godine predaje engleski jezik na Sveu\u010dili\u0161tu za umjetnost u Unutarnjoj Mongoliji, a kineski jezik i kulturu predavala je na Sveu\u010dili\u0161tu Vermont u Sjedinjenim Ameri\u010dkim Dr\u017eavama. Osim podu\u010davanja jezika, &hellip; <a href=\"https:\/\/sinologija.ffzg.unizg.hr\/?page_id=2522\" class=\"more-link\">Continue reading <span class=\"screen-reader-text\">Yang Lurong<\/span> <span class=\"meta-nav\">&rarr;<\/span><\/a><\/p>\n","protected":false},"author":1,"featured_media":0,"parent":0,"menu_order":0,"comment_status":"closed","ping_status":"closed","template":"","meta":[],"_links":{"self":[{"href":"https:\/\/sinologija.ffzg.unizg.hr\/index.php?rest_route=\/wp\/v2\/pages\/2522"}],"collection":[{"href":"https:\/\/sinologija.ffzg.unizg.hr\/index.php?rest_route=\/wp\/v2\/pages"}],"about":[{"href":"https:\/\/sinologija.ffzg.unizg.hr\/index.php?rest_route=\/wp\/v2\/types\/page"}],"author":[{"embeddable":true,"href":"https:\/\/sinologija.ffzg.unizg.hr\/index.php?rest_route=\/wp\/v2\/users\/1"}],"replies":[{"embeddable":true,"href":"https:\/\/sinologija.ffzg.unizg.hr\/index.php?rest_route=%2Fwp%2Fv2%2Fcomments&post=2522"}],"version-history":[{"count":1,"href":"https:\/\/sinologija.ffzg.unizg.hr\/index.php?rest_route=\/wp\/v2\/pages\/2522\/revisions"}],"predecessor-version":[{"id":2526,"href":"https:\/\/sinologija.ffzg.unizg.hr\/index.php?rest_route=\/wp\/v2\/pages\/2522\/revisions\/2526"}],"wp:attachment":[{"href":"https:\/\/sinologija.ffzg.unizg.hr\/index.php?rest_route=%2Fwp%2Fv2%2Fmedia&parent=2522"}],"curies":[{"name":"wp","href":"https:\/\/api.w.org\/{rel}","templated":true}]}}