{"id":1770,"date":"2024-05-07T08:10:29","date_gmt":"2024-05-07T08:10:29","guid":{"rendered":"https:\/\/sinologija.ffzg.unizg.hr\/?page_id=1770"},"modified":"2025-04-07T13:05:54","modified_gmt":"2025-04-07T13:05:54","slug":"poveznice-na-clanke","status":"publish","type":"page","link":"https:\/\/sinologija.ffzg.unizg.hr\/?page_id=1770","title":{"rendered":"Poveznice na objave"},"content":{"rendered":"\n<p><a href=\"http:\/\/en.people.cn\/n3\/2024\/0612\/c90000-20180404.html\">CCS helps promote Chinese language and culture in Croatia<\/a><\/p>\n\n\n\n<p><a href=\"https:\/\/www.srednja.hr\/faks\/filozofski-u-zagrebu-pokrece-dva-nova-studija-studenti-ce-moci-na-usavrsavanja-u-istocnu-aziju\/\">Filozofski u Zagrebu pokre\u0107e dva nova studija: Studenti \u0107e mo\u0107i na usavr\u0161avanja u Isto\u010dnu Aziju<\/a><\/p>\n\n\n\n<p><a href=\"https:\/\/imagelinkglobal.com\/products\/ILEA002502010\/\">University of Zagreb to confer sinology major degrees<\/a><\/p>\n\n\n\n<p><a href=\"http:\/\/en.people.cn\/n3\/2023\/1205\/c90000-20106152.html\">Interview: Croatian scholar highlights importance of cross-cultural dialogue between Europe, China<\/a><\/p>\n\n\n\n<p><a href=\"https:\/\/www.newsflare.com\/video\/643944\/photo-exhibition-marks-croatian-students-20-years-of-cross-cultural-education-in-china#\">Photo exhibition marks Croatian students&#8217; 20 years of cross-cultural education in China<\/a><\/p>\n\n\n\n<p><a href=\"https:\/\/ycpai.ycwb.com\/content\/ikinvkotkh\/content_53333800.html?isShare=true\">\u5171\u7ed8\u4e2d\u514b\u6587\u5316\u6865\u6881\uff0c\u514b\u7f57\u5730\u4e9a\u9996\u4e2a\u6c49\u5b66\u4e13\u4e1a\u8d77\u822a<\/a><\/p>\n","protected":false},"excerpt":{"rendered":"<p>CCS helps promote Chinese language and culture in Croatia Filozofski u Zagrebu pokre\u0107e dva nova studija: Studenti \u0107e mo\u0107i na usavr\u0161avanja u Isto\u010dnu Aziju University of Zagreb to confer sinology major degrees Interview: Croatian scholar highlights importance of cross-cultural dialogue between Europe, China Photo exhibition marks Croatian students&#8217; 20 years of cross-cultural education in China &hellip; <a href=\"https:\/\/sinologija.ffzg.unizg.hr\/?page_id=1770\" class=\"more-link\">Continue reading <span class=\"screen-reader-text\">Poveznice na objave<\/span> <span class=\"meta-nav\">&rarr;<\/span><\/a><\/p>\n","protected":false},"author":1,"featured_media":0,"parent":0,"menu_order":0,"comment_status":"closed","ping_status":"closed","template":"","meta":[],"_links":{"self":[{"href":"https:\/\/sinologija.ffzg.unizg.hr\/index.php?rest_route=\/wp\/v2\/pages\/1770"}],"collection":[{"href":"https:\/\/sinologija.ffzg.unizg.hr\/index.php?rest_route=\/wp\/v2\/pages"}],"about":[{"href":"https:\/\/sinologija.ffzg.unizg.hr\/index.php?rest_route=\/wp\/v2\/types\/page"}],"author":[{"embeddable":true,"href":"https:\/\/sinologija.ffzg.unizg.hr\/index.php?rest_route=\/wp\/v2\/users\/1"}],"replies":[{"embeddable":true,"href":"https:\/\/sinologija.ffzg.unizg.hr\/index.php?rest_route=%2Fwp%2Fv2%2Fcomments&post=1770"}],"version-history":[{"count":8,"href":"https:\/\/sinologija.ffzg.unizg.hr\/index.php?rest_route=\/wp\/v2\/pages\/1770\/revisions"}],"predecessor-version":[{"id":2589,"href":"https:\/\/sinologija.ffzg.unizg.hr\/index.php?rest_route=\/wp\/v2\/pages\/1770\/revisions\/2589"}],"wp:attachment":[{"href":"https:\/\/sinologija.ffzg.unizg.hr\/index.php?rest_route=%2Fwp%2Fv2%2Fmedia&parent=1770"}],"curies":[{"name":"wp","href":"https:\/\/api.w.org\/{rel}","templated":true}]}}