{"id":1590,"date":"2024-02-27T09:23:51","date_gmt":"2024-02-27T09:23:51","guid":{"rendered":"https:\/\/sinologija.ffzg.unizg.hr\/?page_id=1590"},"modified":"2025-05-18T16:28:06","modified_gmt":"2025-05-18T16:28:06","slug":"diplomski-studij-uvjeti-upisa","status":"publish","type":"page","link":"https:\/\/sinologija.ffzg.unizg.hr\/?page_id=1590","title":{"rendered":"Diplomski studij: uvjeti upisa"},"content":{"rendered":"\n<p>Zavr\u0161en\u00a0prijediplomski\u00a0sveu\u010dili\u0161ni\u00a0studij sinologije ili neki srodan filolo\u0161ki prijediplomski studij, ali s demonstriranim znanjem iz kineskog jezika, najmanje na razini B1 ili HSK4, polo\u017eenoj unutar dvije godine prije po\u010detka diplomskog studija sinologije i s polo\u017eenim razlikovnim ispitima koji \u0107e se odrediti u dogovoru s kandidatom. Mogu\u0107nost upisa kandidata s ostalih studija sa znanjem kineskog jezika razmatrat \u0107e se individualno na temelju predane molbe za upis. <\/p>\n","protected":false},"excerpt":{"rendered":"<p>Zavr\u0161en\u00a0prijediplomski\u00a0sveu\u010dili\u0161ni\u00a0studij sinologije ili neki srodan filolo\u0161ki prijediplomski studij, ali s demonstriranim znanjem iz kineskog jezika, najmanje na razini B1 ili HSK4, polo\u017eenoj unutar dvije godine prije po\u010detka diplomskog studija sinologije i s polo\u017eenim razlikovnim ispitima koji \u0107e se odrediti u dogovoru s kandidatom. Mogu\u0107nost upisa kandidata s ostalih studija sa znanjem kineskog jezika razmatrat \u0107e &hellip; <a href=\"https:\/\/sinologija.ffzg.unizg.hr\/?page_id=1590\" class=\"more-link\">Continue reading <span class=\"screen-reader-text\">Diplomski studij: uvjeti upisa<\/span> <span class=\"meta-nav\">&rarr;<\/span><\/a><\/p>\n","protected":false},"author":1,"featured_media":0,"parent":0,"menu_order":0,"comment_status":"closed","ping_status":"closed","template":"","meta":[],"_links":{"self":[{"href":"https:\/\/sinologija.ffzg.unizg.hr\/index.php?rest_route=\/wp\/v2\/pages\/1590"}],"collection":[{"href":"https:\/\/sinologija.ffzg.unizg.hr\/index.php?rest_route=\/wp\/v2\/pages"}],"about":[{"href":"https:\/\/sinologija.ffzg.unizg.hr\/index.php?rest_route=\/wp\/v2\/types\/page"}],"author":[{"embeddable":true,"href":"https:\/\/sinologija.ffzg.unizg.hr\/index.php?rest_route=\/wp\/v2\/users\/1"}],"replies":[{"embeddable":true,"href":"https:\/\/sinologija.ffzg.unizg.hr\/index.php?rest_route=%2Fwp%2Fv2%2Fcomments&post=1590"}],"version-history":[{"count":3,"href":"https:\/\/sinologija.ffzg.unizg.hr\/index.php?rest_route=\/wp\/v2\/pages\/1590\/revisions"}],"predecessor-version":[{"id":2630,"href":"https:\/\/sinologija.ffzg.unizg.hr\/index.php?rest_route=\/wp\/v2\/pages\/1590\/revisions\/2630"}],"wp:attachment":[{"href":"https:\/\/sinologija.ffzg.unizg.hr\/index.php?rest_route=%2Fwp%2Fv2%2Fmedia&parent=1590"}],"curies":[{"name":"wp","href":"https:\/\/api.w.org\/{rel}","templated":true}]}}