{"id":1354,"date":"2023-11-09T20:20:05","date_gmt":"2023-11-09T20:20:05","guid":{"rendered":"https:\/\/sinologija.ffzg.unizg.hr\/?page_id=1354"},"modified":"2026-03-02T17:41:53","modified_gmt":"2026-03-02T17:41:53","slug":"raspored-2","status":"publish","type":"page","link":"https:\/\/sinologija.ffzg.unizg.hr\/?page_id=1354","title":{"rendered":"Raspored"},"content":{"rendered":"\n<p><strong>Ljetni semestar<\/strong> <strong>2025.\/2026.<\/strong><\/p>\n\n\n\n<p>\u2013<a href=\"https:\/\/maia.ffzg.hr\/raspored_PREDD\/raspored_grupa_SLO_KIN_sem2.htm\">prva godina<\/a><\/p>\n\n\n\n<p><em>Standardni kineski jezik 2<\/em>:\u00a0<strong>GRUPA A<\/strong>\u00a0pon 08:00-09:30, dvorana A128; sri 12:30-14:00, dvorana A301; pet 09:30-11:00, dvorana A128;\u00a0<strong>GRUPA B<\/strong>\u00a0pon 11:00-12:30, dvorana A128; sri 08:00-09:30, dvorana A217; pet 11:00-12:30, dvorana A205.<\/p>\n\n\n\n<p><em>Uvod u kinesku lingvistiku<\/em> odr\u017eava se u utorkom, 12:30-14:00 u A-111.<\/p>\n\n\n\n<p>&#8211;<a href=\"https:\/\/maia.ffzg.hr\/raspored_PREDD\/raspored_grupa_SLO_KIN_sem4.htm\">druga godina<\/a><\/p>\n\n\n\n<p><\/p>\n\n\n\n<p>&#8211;<a href=\"https:\/\/maia.ffzg.hr\/raspored_PREDD\/raspored_grupa_SLO_KIN_sem6.htm\">tre\u0107a godina<\/a>, slobodni studij.<\/p>\n\n\n\n<p><em>\u010citanje starokineskog teksta 2<\/em> odr\u017eava se srijedom, 18:30-20:00 u A204.<\/p>\n","protected":false},"excerpt":{"rendered":"<p>Ljetni semestar 2025.\/2026. \u2013prva godina Standardni kineski jezik 2:\u00a0GRUPA A\u00a0pon 08:00-09:30, dvorana A128; sri 12:30-14:00, dvorana A301; pet 09:30-11:00, dvorana A128;\u00a0GRUPA B\u00a0pon 11:00-12:30, dvorana A128; sri 08:00-09:30, dvorana A217; pet 11:00-12:30, dvorana A205. Uvod u kinesku lingvistiku odr\u017eava se u utorkom, 12:30-14:00 u A-111. &#8211;druga godina &#8211;tre\u0107a godina, slobodni studij. \u010citanje starokineskog teksta 2 odr\u017eava &hellip; <a href=\"https:\/\/sinologija.ffzg.unizg.hr\/?page_id=1354\" class=\"more-link\">Continue reading <span class=\"screen-reader-text\">Raspored<\/span> <span class=\"meta-nav\">&rarr;<\/span><\/a><\/p>\n","protected":false},"author":1,"featured_media":0,"parent":0,"menu_order":0,"comment_status":"closed","ping_status":"closed","template":"","meta":[],"_links":{"self":[{"href":"https:\/\/sinologija.ffzg.unizg.hr\/index.php?rest_route=\/wp\/v2\/pages\/1354"}],"collection":[{"href":"https:\/\/sinologija.ffzg.unizg.hr\/index.php?rest_route=\/wp\/v2\/pages"}],"about":[{"href":"https:\/\/sinologija.ffzg.unizg.hr\/index.php?rest_route=\/wp\/v2\/types\/page"}],"author":[{"embeddable":true,"href":"https:\/\/sinologija.ffzg.unizg.hr\/index.php?rest_route=\/wp\/v2\/users\/1"}],"replies":[{"embeddable":true,"href":"https:\/\/sinologija.ffzg.unizg.hr\/index.php?rest_route=%2Fwp%2Fv2%2Fcomments&post=1354"}],"version-history":[{"count":23,"href":"https:\/\/sinologija.ffzg.unizg.hr\/index.php?rest_route=\/wp\/v2\/pages\/1354\/revisions"}],"predecessor-version":[{"id":2924,"href":"https:\/\/sinologija.ffzg.unizg.hr\/index.php?rest_route=\/wp\/v2\/pages\/1354\/revisions\/2924"}],"wp:attachment":[{"href":"https:\/\/sinologija.ffzg.unizg.hr\/index.php?rest_route=%2Fwp%2Fv2%2Fmedia&parent=1354"}],"curies":[{"name":"wp","href":"https:\/\/api.w.org\/{rel}","templated":true}]}}