{"id":1349,"date":"2023-11-09T20:16:24","date_gmt":"2023-11-09T20:16:24","guid":{"rendered":"https:\/\/sinologija.ffzg.unizg.hr\/?page_id=1349"},"modified":"2026-02-09T19:25:24","modified_gmt":"2026-02-09T19:25:24","slug":"opcenito-i-ishodi","status":"publish","type":"page","link":"https:\/\/sinologija.ffzg.unizg.hr\/?page_id=1349","title":{"rendered":"Prijediplomski studij: op\u0107enito i ishodi"},"content":{"rendered":"\n<p>Prijediplomski dvopredmetni&nbsp;sveu\u010dili\u0161ni&nbsp;studij sinologije&nbsp;traje 3 godine (6 semestara) pri \u010demu je 90 minimalni broj ECTS bodova potrebnih za&nbsp;zavr\u0161etak&nbsp;studija. Po zavr\u0161etku studija, studenti stje\u010du akademski naziv: sveu\u010dili\u0161ni&nbsp;prvostupnik\/prvostupnica (baccalaureus\/baccalaurea) sinologije (univ. bacc. philol. sin.).<\/p>\n\n\n\n<p>Tijekom prijediplomskog studija sinologije, studenti \u0107e:<\/p>\n\n\n\n<ol><li>koristiti kineski jezik u govoru i pismu na razini B1 plus prema Europskom referentnom okviru (razina sada\u0161njeg HSK 4-5)<\/li><li>\u010ditati i prepri\u010dati kineske tekstove (opisne i narativne, novinske \u010dlanke i eseje) na tra\u017eenoj razini<\/li><li>obrazlo\u017eiti fonolo\u0161ke, morfolo\u0161ke i sintakti\u010dke kategorije u kineskom i usporediti ih s hrvatskim jezi\u010dnim sustavom<\/li><li>samostalno prevesti, uz pomo\u0107 rje\u010dnika, s kineskog na hrvatski te s hrvatskog na kineski jezik tekstove za koje nisu potrebna specifi\u010dna stru\u010dna znanja<\/li><li>primijeniti osnovnu filolo\u0161ku analizu u radu sa starokineskim tekstovima te koristiti temeljne metode analiti\u010dkog \u010ditanja u interpretaciji knji\u017eevnih tekstova<\/li><li>samostalno prevesti, slu\u017ee\u0107i se pouzdanim priru\u010dnicima, sa starokineskog na hrvatski jednostavnije narativne tekstove iz klasi\u010dnog razdoblja<\/li><li>identificirati reprezentativna razdoblja, autore, djela i \u017eanrove predmoderne i moderne kineske knji\u017eevnosti<\/li><li>identificirati kulturne, religijske, dru\u0161tvene i povijesne procese nastanka, razvoja i ustroja kineske civilizacije predmoderne i moderne Kine i \u0161irega podru\u010dja Isto\u010dne Azije<\/li><li>koristiti temeljne metode analiti\u010dkog \u010ditanja stru\u010dnih i znanstvenih tekstova<\/li><li>koristiti razli\u010dite izvore, uklju\u010duju\u0107i digitalne\u00a0baze podataka i istra\u017eiva\u010dke alate, u pronalasku informacija o predmodernoj i modernoj Kini te kriti\u010dki evaluirati njihovu kvalitetu<\/li><li>prezentirati stru\u010dnjacima i laicima osnovne informacije iz podru\u010dja kineske lingvistike, knji\u017eevnosti, povijesti, kulture i dru\u0161tva<\/li><li>oblikovati stru\u010dne tekstove te pismeno i usmeno izlo\u017eiti spoznaje i rezultate znanstveno-istra\u017eiva\u010dkog rada<\/li><li>promi\u0161ljati o razli\u010ditim kulturama i me\u0111ukulturnim procesima izvan okvira eurocentri\u010dnog poimanja svijeta<\/li><li>u\u010dinkovito, jasno i argumentirano se izraziti u govoru i pismu te u komunikaciji s drugima<\/li><\/ol>\n","protected":false},"excerpt":{"rendered":"<p>Prijediplomski dvopredmetni&nbsp;sveu\u010dili\u0161ni&nbsp;studij sinologije&nbsp;traje 3 godine (6 semestara) pri \u010demu je 90 minimalni broj ECTS bodova potrebnih za&nbsp;zavr\u0161etak&nbsp;studija. Po zavr\u0161etku studija, studenti stje\u010du akademski naziv: sveu\u010dili\u0161ni&nbsp;prvostupnik\/prvostupnica (baccalaureus\/baccalaurea) sinologije (univ. bacc. philol. sin.). Tijekom prijediplomskog studija sinologije, studenti \u0107e: koristiti kineski jezik u govoru i pismu na razini B1 plus prema Europskom referentnom okviru (razina sada\u0161njeg HSK &hellip; <a href=\"https:\/\/sinologija.ffzg.unizg.hr\/?page_id=1349\" class=\"more-link\">Continue reading <span class=\"screen-reader-text\">Prijediplomski studij: op\u0107enito i ishodi<\/span> <span class=\"meta-nav\">&rarr;<\/span><\/a><\/p>\n","protected":false},"author":1,"featured_media":0,"parent":0,"menu_order":0,"comment_status":"closed","ping_status":"closed","template":"","meta":[],"_links":{"self":[{"href":"https:\/\/sinologija.ffzg.unizg.hr\/index.php?rest_route=\/wp\/v2\/pages\/1349"}],"collection":[{"href":"https:\/\/sinologija.ffzg.unizg.hr\/index.php?rest_route=\/wp\/v2\/pages"}],"about":[{"href":"https:\/\/sinologija.ffzg.unizg.hr\/index.php?rest_route=\/wp\/v2\/types\/page"}],"author":[{"embeddable":true,"href":"https:\/\/sinologija.ffzg.unizg.hr\/index.php?rest_route=\/wp\/v2\/users\/1"}],"replies":[{"embeddable":true,"href":"https:\/\/sinologija.ffzg.unizg.hr\/index.php?rest_route=%2Fwp%2Fv2%2Fcomments&post=1349"}],"version-history":[{"count":3,"href":"https:\/\/sinologija.ffzg.unizg.hr\/index.php?rest_route=\/wp\/v2\/pages\/1349\/revisions"}],"predecessor-version":[{"id":2863,"href":"https:\/\/sinologija.ffzg.unizg.hr\/index.php?rest_route=\/wp\/v2\/pages\/1349\/revisions\/2863"}],"wp:attachment":[{"href":"https:\/\/sinologija.ffzg.unizg.hr\/index.php?rest_route=%2Fwp%2Fv2%2Fmedia&parent=1349"}],"curies":[{"name":"wp","href":"https:\/\/api.w.org\/{rel}","templated":true}]}}