{"id":1328,"date":"2023-11-09T17:55:10","date_gmt":"2023-11-09T17:55:10","guid":{"rendered":"https:\/\/sinologija.ffzg.unizg.hr\/?page_id=1328"},"modified":"2024-03-10T10:39:51","modified_gmt":"2024-03-10T10:39:51","slug":"ivana-buljan","status":"publish","type":"page","link":"https:\/\/sinologija.ffzg.unizg.hr\/?page_id=1328","title":{"rendered":"Ivana Buljan"},"content":{"rendered":"\n<p>Ivana Buljan diplomirala je studije filozofije i kroatologije na Hrvatskim studijima 2001. godine. Kao stipendistica NR Kine od 2003. do 2005. godine poha\u0111a poslijediplomski studij iz kineske filozofije i jezika u Wuhanu te na Sveu\u010dili\u0161tu u Pekingu. 2006. godine po\u010dinje predavati na Katedri za sinologiju Filozofskoga fakulteta u Zagrebu. Stru\u010dno se usavr\u0161avala na filolo\u0161kim radionicama u Oxfordu, Leidenu, Cambridgeu, Z\u00fcrichu i Pragu. Za doktorsko istra\u017eivanje dobiva stipendiju Flamanske zaklade te boravi na Sveu\u010dili\u0161tu u Ghentu. 2013. godine stje\u010de dvojni doktorat iz orijentalnih jezika i kulture Sveu\u010dili\u0161ta u Ghentu te iz kineske filozofije Sveu\u010dili\u0161ta u Zagrebu. Doktorat Ivane Buljan prvi je i zasad jedini doktorat ne samo iz kineske filozofije, ve\u0107 i sinolo\u0161ki, koji je obranjen u Hrvatskoj.<\/p>\n\n\n\n<p>Napisala je knjigu <em>On Maintaining Power: The Theory of Rulership in chapters 18-22 of the Luxuriant Dew of the Spring and Autumn Annals<\/em> te brojne radove u stranim i doma\u0107im \u010dasopisima. Autorica je trideset i osam natuknica o kineskoj filozofiji u Filozofskom leksikonu Leksikografskog zavoda Miroslava Krle\u017ee.<\/p>\n\n\n\n<p>Osim znanstvenim i nastavnim radom, Ivana Buljan bavi se promicanjem kineske filozofije. Suosniva\u010dica je Europskog udru\u017eenja za kinesku filozofiju European Association for Chinese Philosophy (EACP), suorganizirala je konferenciju East &#8211; West: comparative philosophy and world situation (Cres, 2021), bila je go\u0161\u0107a urednica temata iz kineske filozofije u \u010dasopisu <em>Synthesis Philosophica<\/em>, bila je \u010dlanica uredni\u0161tva \u010dasopisa<em> Asian Studies<\/em>, u Upravnom je odboru Hrvatskoga filozofskoga dru\u0161tva. Odr\u017eala je gostuju\u0107a predavanja na stranim sveu\u010dili\u0161tima (Bohum, \u0160angaj, Pri\u0161tina, Zenica, Var\u0161ava, Skopje, Temi\u0161var).<\/p>\n\n\n\n<p><a href=\"https:\/\/www.croris.hr\/osobe\/profil\/28608\">CroRIS profil<\/a> i izdvojeni radovi:<\/p>\n\n\n\n<p><a rel=\"noreferrer noopener\" target=\"_blank\" href=\"https:\/\/philarchive.org\/rec\/BULNGJ\">https:\/\/philarchive.org\/rec\/BULNGJ<\/a><br><a rel=\"noreferrer noopener\" target=\"_blank\" href=\"https:\/\/hrcak.srce.hr\/file\/293541\">https:\/\/hrcak.srce.hr\/file\/293541<\/a><br><a rel=\"noreferrer noopener\" target=\"_blank\" href=\"https:\/\/hrcak.srce.hr\/46138\">https:\/\/hrcak.srce.hr\/46138<\/a><\/p>\n\n\n\n<figure class=\"wp-block-image size-large is-resized\"><img src=\"https:\/\/sinologija.ffzg.unizg.hr\/wp-content\/uploads\/2024\/03\/Photo-from-Ivana-3-1024x768.jpg\" alt=\"\" class=\"wp-image-1689\" width=\"300\" srcset=\"https:\/\/sinologija.ffzg.unizg.hr\/wp-content\/uploads\/2024\/03\/Photo-from-Ivana-3-1024x768.jpg 1024w, https:\/\/sinologija.ffzg.unizg.hr\/wp-content\/uploads\/2024\/03\/Photo-from-Ivana-3-300x225.jpg 300w, https:\/\/sinologija.ffzg.unizg.hr\/wp-content\/uploads\/2024\/03\/Photo-from-Ivana-3-768x576.jpg 768w, https:\/\/sinologija.ffzg.unizg.hr\/wp-content\/uploads\/2024\/03\/Photo-from-Ivana-3-1536x1152.jpg 1536w, https:\/\/sinologija.ffzg.unizg.hr\/wp-content\/uploads\/2024\/03\/Photo-from-Ivana-3.jpg 1600w\" sizes=\"(max-width: 1024px) 100vw, 1024px\" \/><\/figure>\n","protected":false},"excerpt":{"rendered":"<p>Ivana Buljan diplomirala je studije filozofije i kroatologije na Hrvatskim studijima 2001. godine. Kao stipendistica NR Kine od 2003. do 2005. godine poha\u0111a poslijediplomski studij iz kineske filozofije i jezika u Wuhanu te na Sveu\u010dili\u0161tu u Pekingu. 2006. godine po\u010dinje predavati na Katedri za sinologiju Filozofskoga fakulteta u Zagrebu. Stru\u010dno se usavr\u0161avala na filolo\u0161kim radionicama &hellip; <a href=\"https:\/\/sinologija.ffzg.unizg.hr\/?page_id=1328\" class=\"more-link\">Continue reading <span class=\"screen-reader-text\">Ivana Buljan<\/span> <span class=\"meta-nav\">&rarr;<\/span><\/a><\/p>\n","protected":false},"author":1,"featured_media":0,"parent":0,"menu_order":0,"comment_status":"closed","ping_status":"closed","template":"","meta":[],"_links":{"self":[{"href":"https:\/\/sinologija.ffzg.unizg.hr\/index.php?rest_route=\/wp\/v2\/pages\/1328"}],"collection":[{"href":"https:\/\/sinologija.ffzg.unizg.hr\/index.php?rest_route=\/wp\/v2\/pages"}],"about":[{"href":"https:\/\/sinologija.ffzg.unizg.hr\/index.php?rest_route=\/wp\/v2\/types\/page"}],"author":[{"embeddable":true,"href":"https:\/\/sinologija.ffzg.unizg.hr\/index.php?rest_route=\/wp\/v2\/users\/1"}],"replies":[{"embeddable":true,"href":"https:\/\/sinologija.ffzg.unizg.hr\/index.php?rest_route=%2Fwp%2Fv2%2Fcomments&post=1328"}],"version-history":[{"count":9,"href":"https:\/\/sinologija.ffzg.unizg.hr\/index.php?rest_route=\/wp\/v2\/pages\/1328\/revisions"}],"predecessor-version":[{"id":1691,"href":"https:\/\/sinologija.ffzg.unizg.hr\/index.php?rest_route=\/wp\/v2\/pages\/1328\/revisions\/1691"}],"wp:attachment":[{"href":"https:\/\/sinologija.ffzg.unizg.hr\/index.php?rest_route=%2Fwp%2Fv2%2Fmedia&parent=1328"}],"curies":[{"name":"wp","href":"https:\/\/api.w.org\/{rel}","templated":true}]}}