{"id":1323,"date":"2023-11-09T16:03:49","date_gmt":"2023-11-09T16:03:49","guid":{"rendered":"https:\/\/sinologija.ffzg.unizg.hr\/?page_id=1323"},"modified":"2024-03-10T10:40:25","modified_gmt":"2024-03-10T10:40:25","slug":"mojca-pretnar","status":"publish","type":"page","link":"https:\/\/sinologija.ffzg.unizg.hr\/?page_id=1323","title":{"rendered":"Mojca Pretnar"},"content":{"rendered":"\n<p>Mojca Pretnar je nakon zavr\u0161etka studija slovenskog jezika i knji\u017eevnosti te sinologije na Filozofskom fakultetu u Ljubljani nastavila s poslijediplomskim studijima Komparativni studij ideja i kultura, Transformacija moderne misli (ZRC SAZU, Slovenija) i Kineski jezik i knji\u017eevnost (National University of Tainan, Tajvan). Doktorirala je iz podru\u010dja kineskog jezika i knji\u017eevnosti na Nacionalnom Sveu\u010dili\u0161tu Cheng Kung na Tajvanu, s disertacijom <em>Prototipovi sre\u0107e u kineskoj knji\u017eevnosti \u2013 na primjeru poezije ci <\/em>\u8bcd<em> dinastije Sjeverni Song<\/em>.<\/p>\n\n\n\n<p>Bavi se istra\u017eivanjem manifestacije kognitivnih uzoraka u jeziku, knji\u017eevnosti, kineskom pismu i umjetnosti te kulturi op\u0107enito, tra\u017ee\u0107i nove mogu\u0107nosti u prevo\u0111enju knji\u017eevnih tekstova i u metodologiji pou\u010davanja kineskog jezika. Dugogodi\u0161nje bavljenje kineskom kulturom i \u017eivot u njoj umnogome su joj obogatili \u017eivot, a sada nastoji potaknuti studente na njihove vlastite susrete s i putovanja u tu fascinatnu kulturu.<\/p>\n\n\n\n<div class=\"wp-block-image\"><figure class=\"alignleft size-large is-resized\"><img src=\"https:\/\/sinologija.ffzg.unizg.hr\/wp-content\/uploads\/2023\/11\/Mojca-2-1024x683.jpg\" alt=\"\" class=\"wp-image-1332\" width=\"300\" srcset=\"https:\/\/sinologija.ffzg.unizg.hr\/wp-content\/uploads\/2023\/11\/Mojca-2-1024x683.jpg 1024w, https:\/\/sinologija.ffzg.unizg.hr\/wp-content\/uploads\/2023\/11\/Mojca-2-300x200.jpg 300w, https:\/\/sinologija.ffzg.unizg.hr\/wp-content\/uploads\/2023\/11\/Mojca-2-768x512.jpg 768w, https:\/\/sinologija.ffzg.unizg.hr\/wp-content\/uploads\/2023\/11\/Mojca-2-1536x1024.jpg 1536w, https:\/\/sinologija.ffzg.unizg.hr\/wp-content\/uploads\/2023\/11\/Mojca-2-2048x1365.jpg 2048w\" sizes=\"(max-width: 1024px) 100vw, 1024px\" \/><\/figure><\/div>\n\n\n\n<p><\/p>\n","protected":false},"excerpt":{"rendered":"<p>Mojca Pretnar je nakon zavr\u0161etka studija slovenskog jezika i knji\u017eevnosti te sinologije na Filozofskom fakultetu u Ljubljani nastavila s poslijediplomskim studijima Komparativni studij ideja i kultura, Transformacija moderne misli (ZRC SAZU, Slovenija) i Kineski jezik i knji\u017eevnost (National University of Tainan, Tajvan). Doktorirala je iz podru\u010dja kineskog jezika i knji\u017eevnosti na Nacionalnom Sveu\u010dili\u0161tu Cheng Kung &hellip; <a href=\"https:\/\/sinologija.ffzg.unizg.hr\/?page_id=1323\" class=\"more-link\">Continue reading <span class=\"screen-reader-text\">Mojca Pretnar<\/span> <span class=\"meta-nav\">&rarr;<\/span><\/a><\/p>\n","protected":false},"author":1,"featured_media":0,"parent":0,"menu_order":0,"comment_status":"closed","ping_status":"closed","template":"","meta":[],"_links":{"self":[{"href":"https:\/\/sinologija.ffzg.unizg.hr\/index.php?rest_route=\/wp\/v2\/pages\/1323"}],"collection":[{"href":"https:\/\/sinologija.ffzg.unizg.hr\/index.php?rest_route=\/wp\/v2\/pages"}],"about":[{"href":"https:\/\/sinologija.ffzg.unizg.hr\/index.php?rest_route=\/wp\/v2\/types\/page"}],"author":[{"embeddable":true,"href":"https:\/\/sinologija.ffzg.unizg.hr\/index.php?rest_route=\/wp\/v2\/users\/1"}],"replies":[{"embeddable":true,"href":"https:\/\/sinologija.ffzg.unizg.hr\/index.php?rest_route=%2Fwp%2Fv2%2Fcomments&post=1323"}],"version-history":[{"count":5,"href":"https:\/\/sinologija.ffzg.unizg.hr\/index.php?rest_route=\/wp\/v2\/pages\/1323\/revisions"}],"predecessor-version":[{"id":1692,"href":"https:\/\/sinologija.ffzg.unizg.hr\/index.php?rest_route=\/wp\/v2\/pages\/1323\/revisions\/1692"}],"wp:attachment":[{"href":"https:\/\/sinologija.ffzg.unizg.hr\/index.php?rest_route=%2Fwp%2Fv2%2Fmedia&parent=1323"}],"curies":[{"name":"wp","href":"https:\/\/api.w.org\/{rel}","templated":true}]}}