{"id":122,"date":"2016-09-05T10:34:46","date_gmt":"2016-09-05T10:34:46","guid":{"rendered":"http:\/\/sinologija.ffzg.unizg.hr\/?page_id=122"},"modified":"2023-11-08T09:21:39","modified_gmt":"2023-11-08T09:21:39","slug":"hodogram-2","status":"publish","type":"page","link":"https:\/\/sinologija.ffzg.unizg.hr\/?page_id=122","title":{"rendered":"Hodogram"},"content":{"rendered":"\n<h3>1. <strong>godina<\/strong><\/h3>\n\n\n\n<figure class=\"wp-block-table is-style-stripes\"><table><tbody><tr><td> KOLEGIJ<\/td><td>SEMSTAR (P\/S\/V)<\/td><td>ECTS<\/td><\/tr><tr><td>Suvremeni kineski jezik 1<\/td><td>1. (0\/0\/120)<\/td><td>6<\/td><\/tr><tr><td>Povijest Kine 1<\/td><td>1. (30\/0\/0)<\/td><td>4<\/td><\/tr><tr><td>Izborni kolegij 1<\/td><td>1. <\/td><td>3<\/td><\/tr><tr><td>Suvremeni kineski jezik 2<\/td><td>2. (0\/0\/120)<\/td><td>6<\/td><\/tr><tr><td>Povijest Kine 2<\/td><td>2. (30\/0\/0)<\/td><td>4<\/td><\/tr><tr><td>Izborni kolegij 2<\/td><td>2. <\/td><td>3<\/td><\/tr><\/tbody><\/table><\/figure>\n\n\n\n<h3><strong>2. <strong>godina<\/strong><\/strong><\/h3>\n\n\n\n<figure class=\"wp-block-table is-style-stripes\"><table><tbody><tr><td>KOLEGIJ<\/td><td>SEMSTAR<\/td><td>ECTS<\/td><\/tr><tr><td>Suvremeni kineski jezik 3<\/td><td>3. (0\/0\/90)<\/td><td>6<\/td><\/tr><tr><td>Kineska kultura i civilizacija<\/td><td>3. (30\/0\/0)<\/td><td>3<\/td><\/tr><tr><td>Izborni kolegij 3<\/td><td>3. <\/td><td>3<\/td><\/tr><tr><td>Suvremeni kineski jezik 4<\/td><td>4. (0\/0\/90)<\/td><td>6<\/td><\/tr><tr><td>Klasi\u010dna kineska filozofija<\/td><td>4. (30\/0\/0)<\/td><td>3<\/td><\/tr><tr><td>Izborni kolegij 4<\/td><td>4. <\/td><td>3<\/td><\/tr><\/tbody><\/table><\/figure>\n\n\n\n<h3><strong>3. godina<\/strong><\/h3>\n\n\n\n<figure class=\"wp-block-table is-style-stripes\"><table><tbody><tr><td>KOLEGIJ<\/td><td>SEMSTAR<\/td><td>ECTS<\/td><\/tr><tr><td>Suvremeni kineski jezik 5<\/td><td>5. (0\/0\/90)<\/td><td>6<\/td><\/tr><tr><td>Povijest kineske&nbsp;knji\u017eevnosti&nbsp;1<\/td><td>5. (30\/0\/0)<\/td><td>3<\/td><\/tr><tr><td>Izborni kolegij 5<\/td><td>5. <\/td><td>3<\/td><\/tr><tr><td>Suvremeni kineski jezik 6<\/td><td>6. (0\/0\/90)<\/td><td>6<\/td><\/tr><tr><td>Povijest kineske&nbsp;knji\u017eevnosti&nbsp;2<\/td><td>6. (30\/0\/0)<\/td><td>3<\/td><\/tr><tr><td>Izborni kolegij 6<\/td><td>6. <\/td><td>3<\/td><\/tr><\/tbody><\/table><figcaption><br><\/figcaption><\/figure>\n\n\n\n<p><strong>Izborni kolegiji<\/strong>: Izgovorne vje\u017ebe 1 i 2, Razvoj kineskog pisma 1 i 2, \u010citanje i pisanje 1 i 2, \u010citanje starokineskog teksta 1 i 2, Prevoditeljski kolegij, Kineski jezik u medijima, Priprema za HSK, Konverzacijski kineski, Moderna Kina, Kineska umjetnost, Korejski jezik 1 i 2, Japanska lingvistika 1 i 2, Uvod u japansku povijest i kulturu 1 i 2. <strong>Ponuda izbornih kolegija mo\u017ee varirati od semestra do semestra. <\/strong><\/p>\n\n\n\n<p><strong>Uvjet za upis u vi\u0161i semestar<\/strong>: Polo\u017eeni Suvremeni kineski jezik u prethodnom semestru.<\/p>\n\n\n\n<p><strong>Uvjet za dobivanje certifikata<\/strong>: Polo\u017eeni svi obvezni kolegiji i 6 izbornih kolegija (jedan po semestru).<\/p>\n\n\n\n<p><strong>Uvjet za osloba\u0111anje od pla\u0107anje \u0161kolarine na 2. i 3. godini studija<\/strong>: Polo\u017eeni svi obvezni kolegiji s minimalnim prosjekom 4.5 u prethodnoj godini studija.<\/p>\n","protected":false},"excerpt":{"rendered":"<p>1. godina KOLEGIJ SEMSTAR (P\/S\/V) ECTS Suvremeni kineski jezik 1 1. (0\/0\/120) 6 Povijest Kine 1 1. (30\/0\/0) 4 Izborni kolegij 1 1. 3 Suvremeni kineski jezik 2 2. (0\/0\/120) 6 Povijest Kine 2 2. (30\/0\/0) 4 Izborni kolegij 2 2. 3 2. godina KOLEGIJ SEMSTAR ECTS Suvremeni kineski jezik 3 3. (0\/0\/90) 6 Kineska &hellip; <a href=\"https:\/\/sinologija.ffzg.unizg.hr\/?page_id=122\" class=\"more-link\">Continue reading <span class=\"screen-reader-text\">Hodogram<\/span> <span class=\"meta-nav\">&rarr;<\/span><\/a><\/p>\n","protected":false},"author":1,"featured_media":0,"parent":78,"menu_order":0,"comment_status":"closed","ping_status":"closed","template":"","meta":[],"_links":{"self":[{"href":"https:\/\/sinologija.ffzg.unizg.hr\/index.php?rest_route=\/wp\/v2\/pages\/122"}],"collection":[{"href":"https:\/\/sinologija.ffzg.unizg.hr\/index.php?rest_route=\/wp\/v2\/pages"}],"about":[{"href":"https:\/\/sinologija.ffzg.unizg.hr\/index.php?rest_route=\/wp\/v2\/types\/page"}],"author":[{"embeddable":true,"href":"https:\/\/sinologija.ffzg.unizg.hr\/index.php?rest_route=\/wp\/v2\/users\/1"}],"replies":[{"embeddable":true,"href":"https:\/\/sinologija.ffzg.unizg.hr\/index.php?rest_route=%2Fwp%2Fv2%2Fcomments&post=122"}],"version-history":[{"count":8,"href":"https:\/\/sinologija.ffzg.unizg.hr\/index.php?rest_route=\/wp\/v2\/pages\/122\/revisions"}],"predecessor-version":[{"id":1087,"href":"https:\/\/sinologija.ffzg.unizg.hr\/index.php?rest_route=\/wp\/v2\/pages\/122\/revisions\/1087"}],"up":[{"embeddable":true,"href":"https:\/\/sinologija.ffzg.unizg.hr\/index.php?rest_route=\/wp\/v2\/pages\/78"}],"wp:attachment":[{"href":"https:\/\/sinologija.ffzg.unizg.hr\/index.php?rest_route=%2Fwp%2Fv2%2Fmedia&parent=122"}],"curies":[{"name":"wp","href":"https:\/\/api.w.org\/{rel}","templated":true}]}}