{"id":104,"date":"2019-01-25T12:46:07","date_gmt":"2019-01-25T12:46:07","guid":{"rendered":"http:\/\/sinologija.ffzg.unizg.hr\/?page_id=104"},"modified":"2026-04-15T15:55:09","modified_gmt":"2026-04-15T15:55:09","slug":"ispitni-rokovi","status":"publish","type":"page","link":"https:\/\/sinologija.ffzg.unizg.hr\/?page_id=104","title":{"rendered":"Ispitni rokovi za ak. god. 2025.\/2026."},"content":{"rendered":"\n<h2>Zimski ispitni rok<\/h2>\n\n\n\n<p><strong>26. sije\u010dnja \u2013 20. velja\u010de 2026.<\/strong><\/p>\n\n\n\n<figure class=\"wp-block-table\"><table><thead><tr><th>\u0160ifra<\/th><th>Kolegij<\/th><th>Termin<\/th><th>Datum<\/th><th>Vrijeme<\/th><th>Dvorana<\/th><\/tr><\/thead><tbody><tr><td>266193<\/td><td>Standardni kineski jezik 1<\/td><td>1.<\/td><td>27. 1. 2026.<\/td><td>17:00<\/td><td>A205<\/td><\/tr><tr><td>266193<\/td><td>Standardni kineski jezik 1<\/td><td>2.<\/td><td>9. 2. 2026.<\/td><td>14:00<\/td><td>A205<\/td><\/tr><tr><td>266193<\/td><td>Standardni kineski jezik 1<\/td><td>3.<\/td><td>20. 2. 2026.<\/td><td>11:00<\/td><td>A128<\/td><\/tr><tr><td>266197<\/td><td>Standardni kineski jezik 2<\/td><td>1.<\/td><td>27. 1. 2026.<\/td><td>17:00<\/td><td>A123<\/td><\/tr><tr><td>266197<\/td><td>Standardni kineski jezik 2<\/td><td>2.<\/td><td>20. 2. 2026.<\/td><td>11:00<\/td><td>A102<\/td><\/tr><tr><td>266200<\/td><td>Standardni kineski jezik 3<\/td><td>1.<\/td><td>27. 1. 2026.<\/td><td>17:00<\/td><td>A123<\/td><\/tr><tr><td>266200<\/td><td>Standardni kineski jezik 3<\/td><td>2.<\/td><td>9. 2. 2026.<\/td><td>14:00<\/td><td>A217<\/td><\/tr><tr><td>266200<\/td><td>Standardni kineski jezik 3<\/td><td>3.<\/td><td>20. 2. 2026.<\/td><td>11:00<\/td><td>A102<\/td><\/tr><tr><td>266196<\/td><td>Povijest Kine 1<\/td><td>1.<\/td><td>4. 2. 2026.<\/td><td>15:30<\/td><td>A217<\/td><\/tr><tr><td>266196<\/td><td>Povijest Kine 1<\/td><td>2.<\/td><td>19. 2. 2026.<\/td><td>15:30<\/td><td>A128<\/td><\/tr><tr><td>266199<\/td><td>Povijest Kine 2<\/td><td>1.<\/td><td>4. 2. 2026.<\/td><td>15:30<\/td><td>A217<\/td><\/tr><tr><td>266199<\/td><td>Povijest Kine 2<\/td><td>2.<\/td><td>19. 2. 2026.<\/td><td>15:30<\/td><td>A128<\/td><\/tr><tr><td>266195<\/td><td>Razvoj kineskog pisma<\/td><td>1.<\/td><td>4. 2. 2026.<\/td><td>15:30<\/td><td>A217<\/td><\/tr><tr><td>266195<\/td><td>Razvoj kineskog pisma<\/td><td>2.<\/td><td>19. 2. 2026.<\/td><td>15:30<\/td><td>A128<\/td><\/tr><tr><td>266198<\/td><td>Uvod u kinesku lingvistiku<\/td><td>1.<\/td><td>30. 1. 2026.<\/td><td>11:00<\/td><td>A128<\/td><\/tr><tr><td>266198<\/td><td>Uvod u kinesku lingvistiku<\/td><td>2.<\/td><td>16. 2. 2026.<\/td><td>14:00<\/td><td>A205<\/td><\/tr><tr><td>266338<\/td><td>Korejski jezik 1<\/td><td>1.<\/td><td>30. 1. 2026.<\/td><td>11:00<\/td><td>A128<\/td><\/tr><tr><td>266338<\/td><td>Korejski jezik 1<\/td><td>2.<\/td><td>16. 2. 2026.<\/td><td>14:00<\/td><td>A205<\/td><\/tr><tr><td>266339<\/td><td>Korejski jezik 2<\/td><td>1.<\/td><td>30. 1. 2026.<\/td><td>11:00<\/td><td>A128<\/td><\/tr><tr><td>266339<\/td><td>Korejski jezik 2<\/td><td>2.<\/td><td>16. 2. 2026.<\/td><td>14:00<\/td><td>A205<\/td><\/tr><tr><td>266201<\/td><td>Odabrane teme iz kineske kulture i civilizacije<\/td><td>1.<\/td><td>26. 1. 2026.<\/td><td>18:30<\/td><td>A205<\/td><\/tr><tr><td>266201<\/td><td>Odabrane teme iz kineske kulture i civilizacije<\/td><td>2.<\/td><td>19. 2. 2026.<\/td><td>18:30<\/td><td>A217<\/td><\/tr><tr><td>184228<\/td><td>Klasi\u010dna kineska filozofija<\/td><td>1.<\/td><td>26. 1. 2026.<\/td><td>18:30<\/td><td>A205<\/td><\/tr><tr><td>184228<\/td><td>Klasi\u010dna kineska filozofija<\/td><td>2.<\/td><td>19. 2. 2026.<\/td><td>18:30<\/td><td>A217<\/td><\/tr><\/tbody><\/table><\/figure>\n\n\n\n<h2>Izvanredni ispitni rok<\/h2>\n\n\n\n<p><strong>7. \u2013 10. travnja 2026.<\/strong><\/p>\n\n\n\n<figure class=\"wp-block-table\"><table><thead><tr><th>\u0160ifra<\/th><th>Kolegij<\/th><th>Termin<\/th><th>Vrijeme<\/th><th>DVORANA<\/th><\/tr><\/thead><tbody><tr><td>266193<\/td><td>Standardni kineski jezik 1<\/td><td>8. 4. 2026.<\/td><td>08:00<\/td><td>A217<\/td><\/tr><tr><td>266197<\/td><td>Standardni kineski jezik 2<\/td><td>8. 4. 2026.<\/td><td><\/td><td><\/td><\/tr><tr><td>266200<\/td><td>Standardni kineski jezik 3<\/td><td>8. 4. 2026.<\/td><td><\/td><td><\/td><\/tr><tr><td>266196<\/td><td>Povijest Kine 1<\/td><td>9. 4. 2026.<\/td><td>15:30<\/td><td>A102<\/td><\/tr><tr><td>266199<\/td><td>Povijest Kine 2<\/td><td>9. 4. 2026.<\/td><td>15:30<\/td><td>A102<\/td><\/tr><tr><td>266195<\/td><td>Razvoj kineskog pisma<\/td><td>9. 4. 2026.<\/td><td>15:30<\/td><td>A102<\/td><\/tr><tr><td>266198<\/td><td>Uvod u kinesku lingvistiku<\/td><td>7. 4. 2026.<\/td><td>12:30<\/td><td>A111<\/td><\/tr><tr><td>266338<\/td><td>Korejski jezik 1<\/td><td>7. 4. 2026.<\/td><td>12:30<\/td><td>A111<\/td><\/tr><tr><td>266339<\/td><td>Korejski jezik 2<\/td><td>7. 4. 2026.<\/td><td>12:30<\/td><td>A111<\/td><\/tr><tr><td>266201<\/td><td>Odabrane teme iz kineske kulture i civilizacije<\/td><td>10. 4. 2026.<\/td><td>17:00<\/td><td>B102<\/td><\/tr><tr><td>184228<\/td><td>Klasi\u010dna kineska filozofija<\/td><td>10. 4. 2026.<\/td><td>17:00<\/td><td>B102<\/td><\/tr><\/tbody><\/table><\/figure>\n\n\n\n<h2>Ljetni ispitni rok<\/h2>\n\n\n\n<p><strong>8. lipnja \u2013 10. srpnja 2026.<\/strong><\/p>\n\n\n\n<figure class=\"wp-block-table\"><table><thead><tr><th>\u0160ifra<\/th><th>Kolegij<\/th><th>1. termin<\/th><th>2. termin<\/th><\/tr><\/thead><tbody><tr><td>266193<\/td><td>Standardni kineski jezik 1<\/td><td>10. 6. 2026.<\/td><td>6. 7. 2026.<\/td><\/tr><tr><td>266197<\/td><td>Standardni kineski jezik 2<\/td><td>10. 6. 2026.<\/td><td>6. 7. 2026.<\/td><\/tr><tr><td>266200<\/td><td>Standardni kineski jezik 3<\/td><td>10. 6. 2026.<\/td><td>6. 7. 2026.<\/td><\/tr><tr><td>266202<\/td><td>Standardni kineski jezik 4<\/td><td>10. 6. 2026.<\/td><td>6. 7. 2026.<\/td><\/tr><tr><td>266196<\/td><td>Povijest Kine 1<\/td><td>18. 6. 2026.<\/td><td>1. 7. 2026.<\/td><\/tr><tr><td>266199<\/td><td>Povijest Kine 2<\/td><td>18. 6. 2026.<\/td><td>1. 7. 2026.<\/td><\/tr><tr><td>266195<\/td><td>Razvoj kineskog pisma<\/td><td>18. 6. 2026.<\/td><td>1. 7. 2026.<\/td><\/tr><tr><td>266198<\/td><td>Uvod u kinesku lingvistiku<\/td><td>12. 6. 2026.<\/td><td>26. 6. 2026.<\/td><\/tr><tr><td>266338<\/td><td>Korejski jezik 1<\/td><td>12. 6. 2026.<\/td><td>26. 6. 2026.<\/td><\/tr><tr><td>266339<\/td><td>Korejski jezik 2<\/td><td>12. 6. 2026.<\/td><td>26. 6. 2026.<\/td><\/tr><tr><td>266201<\/td><td>Odabrane teme iz kineske kulture i civilizacije<\/td><td>8. 6. 2026.<\/td><td>23. 6. 2026.<\/td><\/tr><tr><td>266203<\/td><td>Odabrane teme iz suvremenog kineskog dru\u0161tva<\/td><td>12. 6. 2026.<\/td><td>26. 6. 2026.<\/td><\/tr><tr><td>184228<\/td><td>Klasi\u010dna kineska filozofija<\/td><td>8. 6. 2026.<\/td><td>23. 6. 2026.<\/td><\/tr><\/tbody><\/table><\/figure>\n\n\n\n<h2>Jesenski ispitni rok<\/h2>\n\n\n\n<p><strong>31. kolovoza \u2013 18. rujna 2026.<\/strong><\/p>\n\n\n\n<figure class=\"wp-block-table\"><table><thead><tr><th>\u0160ifra<\/th><th>Kolegij<\/th><th>1. termin<\/th><th>2. termin<\/th><\/tr><\/thead><tbody><tr><td>266193<\/td><td>Standardni kineski jezik 1<\/td><td>2. 9. 2026.<\/td><td>14. 9. 2026.<\/td><\/tr><tr><td>266197<\/td><td>Standardni kineski jezik 2<\/td><td>2. 9. 2026.<\/td><td>14. 9. 2026.<\/td><\/tr><tr><td>266200<\/td><td>Standardni kineski jezik 3<\/td><td>2. 9. 2026.<\/td><td>14. 9. 2026.<\/td><\/tr><tr><td>266202<\/td><td>Standardni kineski jezik 4<\/td><td>2. 9. 2026.<\/td><td>14. 9. 2026.<\/td><\/tr><tr><td>266196<\/td><td>Povijest Kine 1<\/td><td>1. 9. 2026.<\/td><td>10. 9. 2026.<\/td><\/tr><tr><td>266199<\/td><td>Povijest Kine 2<\/td><td>1. 9. 2026.<\/td><td>10. 9. 2026.<\/td><\/tr><tr><td>266195<\/td><td>Razvoj kineskog pisma<\/td><td>1. 9. 2026.<\/td><td>10. 9. 2026.<\/td><\/tr><tr><td>266198<\/td><td>Uvod u kinesku lingvistiku<\/td><td>4. 9. 2026.<\/td><td>16. 9. 2026.<\/td><\/tr><tr><td>266338<\/td><td>Korejski jezik 1<\/td><td>4. 9. 2026.<\/td><td>16. 9. 2026.<\/td><\/tr><tr><td>266339<\/td><td>Korejski jezik 2<\/td><td>4. 9. 2026.<\/td><td>16. 9. 2026.<\/td><\/tr><tr><td>266201<\/td><td>Odabrane teme iz kineske kulture i civilizacije<\/td><td>31. 8. 2026.<\/td><td>7. 9. 2026.<\/td><\/tr><tr><td>266203<\/td><td>Odabrane teme iz suvremenog kineskog dru\u0161tva<\/td><td>4. 9. 2026.<\/td><td>16. 9. 2026.<\/td><\/tr><tr><td>184228<\/td><td>Klasi\u010dna kineska filozofija<\/td><td>31. 8. 2026.<\/td><td>7. 9. 2026.<\/td><\/tr><\/tbody><\/table><\/figure>\n\n\n\n<p>Napomene: <\/p>\n\n\n\n<p>U\u010dionice i to\u010dno vrijeme dodat \u0107e se naknadno. <\/p>\n\n\n\n<p>Kod Standardnog kineskog 1 i 3 je u zimskom ispitnom roku dodan i tre\u0107i ispitni termin. <\/p>\n","protected":false},"excerpt":{"rendered":"<p>Zimski ispitni rok 26. sije\u010dnja \u2013 20. velja\u010de 2026. \u0160ifra Kolegij Termin Datum Vrijeme Dvorana 266193 Standardni kineski jezik 1 1. 27. 1. 2026. 17:00 A205 266193 Standardni kineski jezik 1 2. 9. 2. 2026. 14:00 A205 266193 Standardni kineski jezik 1 3. 20. 2. 2026. 11:00 A128 266197 Standardni kineski jezik 2 1. 27. &hellip; <a href=\"https:\/\/sinologija.ffzg.unizg.hr\/?page_id=104\" class=\"more-link\">Continue reading <span class=\"screen-reader-text\">Ispitni rokovi za ak. god. 2025.\/2026.<\/span> <span class=\"meta-nav\">&rarr;<\/span><\/a><\/p>\n","protected":false},"author":1,"featured_media":0,"parent":78,"menu_order":0,"comment_status":"closed","ping_status":"closed","template":"","meta":[],"_links":{"self":[{"href":"https:\/\/sinologija.ffzg.unizg.hr\/index.php?rest_route=\/wp\/v2\/pages\/104"}],"collection":[{"href":"https:\/\/sinologija.ffzg.unizg.hr\/index.php?rest_route=\/wp\/v2\/pages"}],"about":[{"href":"https:\/\/sinologija.ffzg.unizg.hr\/index.php?rest_route=\/wp\/v2\/types\/page"}],"author":[{"embeddable":true,"href":"https:\/\/sinologija.ffzg.unizg.hr\/index.php?rest_route=\/wp\/v2\/users\/1"}],"replies":[{"embeddable":true,"href":"https:\/\/sinologija.ffzg.unizg.hr\/index.php?rest_route=%2Fwp%2Fv2%2Fcomments&post=104"}],"version-history":[{"count":37,"href":"https:\/\/sinologija.ffzg.unizg.hr\/index.php?rest_route=\/wp\/v2\/pages\/104\/revisions"}],"predecessor-version":[{"id":2954,"href":"https:\/\/sinologija.ffzg.unizg.hr\/index.php?rest_route=\/wp\/v2\/pages\/104\/revisions\/2954"}],"up":[{"embeddable":true,"href":"https:\/\/sinologija.ffzg.unizg.hr\/index.php?rest_route=\/wp\/v2\/pages\/78"}],"wp:attachment":[{"href":"https:\/\/sinologija.ffzg.unizg.hr\/index.php?rest_route=%2Fwp%2Fv2%2Fmedia&parent=104"}],"curies":[{"name":"wp","href":"https:\/\/api.w.org\/{rel}","templated":true}]}}