{"id":1022,"date":"2023-11-07T19:25:45","date_gmt":"2023-11-07T19:25:45","guid":{"rendered":"https:\/\/sinologija.ffzg.unizg.hr\/?page_id=1022"},"modified":"2025-02-06T14:12:53","modified_gmt":"2025-02-06T14:12:53","slug":"mr-sc-shi-lintong-lektorica","status":"publish","type":"page","link":"https:\/\/sinologija.ffzg.unizg.hr\/?page_id=1022","title":{"rendered":"Shi Lintong"},"content":{"rendered":"\n<p>Shi Lintong ro\u0111ena je u gradu Lanzhouu, provincija Gansu, Narodna Republika Kina. Magistrirala je na Northwest Normal Sveu\u010dili\u0161tu radom na temu pou\u010davanja kineskog jezika neizvornim govornicima. Nakon studija predaje kineski jezik (op\u0107i, slu\u0161anje i govorenje) stranim studentima u Kini od po\u010detne do srednje\/napredne razine, a pro\u0161la i specijalizirani program za nastavnike kineskog jezika neizvornim govornicima nadle\u017ene kineske institucije &#8211; nekada\u0161njeg Hanbana (Centre for Language Education and Cooperation). U pou\u010davanju posebnu pa\u017enju pridaje metodama usvajanja kineskih znakova te kulturolo\u0161kim razlikama izme\u0111u sudionika nastavnog procesa. <\/p>\n\n\n\n<figure class=\"wp-block-image size-large is-resized\"><img src=\"https:\/\/sinologija.ffzg.unizg.hr\/wp-content\/uploads\/2023\/11\/IMG_20201219_094400_a\u0089\u00afae\u009c\u00ac-1024x768.jpg\" alt=\"\" class=\"wp-image-1023\" width=\"300\" srcset=\"https:\/\/sinologija.ffzg.unizg.hr\/wp-content\/uploads\/2023\/11\/IMG_20201219_094400_a\u0089\u00afae\u009c\u00ac-1024x768.jpg 1024w, https:\/\/sinologija.ffzg.unizg.hr\/wp-content\/uploads\/2023\/11\/IMG_20201219_094400_a\u0089\u00afae\u009c\u00ac-300x225.jpg 300w, https:\/\/sinologija.ffzg.unizg.hr\/wp-content\/uploads\/2023\/11\/IMG_20201219_094400_a\u0089\u00afae\u009c\u00ac-768x576.jpg 768w, https:\/\/sinologija.ffzg.unizg.hr\/wp-content\/uploads\/2023\/11\/IMG_20201219_094400_a\u0089\u00afae\u009c\u00ac-1536x1152.jpg 1536w, https:\/\/sinologija.ffzg.unizg.hr\/wp-content\/uploads\/2023\/11\/IMG_20201219_094400_a\u0089\u00afae\u009c\u00ac-2048x1536.jpg 2048w\" sizes=\"(max-width: 1024px) 100vw, 1024px\" \/><\/figure>\n","protected":false},"excerpt":{"rendered":"<p>Shi Lintong ro\u0111ena je u gradu Lanzhouu, provincija Gansu, Narodna Republika Kina. Magistrirala je na Northwest Normal Sveu\u010dili\u0161tu radom na temu pou\u010davanja kineskog jezika neizvornim govornicima. Nakon studija predaje kineski jezik (op\u0107i, slu\u0161anje i govorenje) stranim studentima u Kini od po\u010detne do srednje\/napredne razine, a pro\u0161la i specijalizirani program za nastavnike kineskog jezika neizvornim govornicima &hellip; <a href=\"https:\/\/sinologija.ffzg.unizg.hr\/?page_id=1022\" class=\"more-link\">Continue reading <span class=\"screen-reader-text\">Shi Lintong<\/span> <span class=\"meta-nav\">&rarr;<\/span><\/a><\/p>\n","protected":false},"author":1,"featured_media":0,"parent":0,"menu_order":0,"comment_status":"closed","ping_status":"closed","template":"","meta":[],"_links":{"self":[{"href":"https:\/\/sinologija.ffzg.unizg.hr\/index.php?rest_route=\/wp\/v2\/pages\/1022"}],"collection":[{"href":"https:\/\/sinologija.ffzg.unizg.hr\/index.php?rest_route=\/wp\/v2\/pages"}],"about":[{"href":"https:\/\/sinologija.ffzg.unizg.hr\/index.php?rest_route=\/wp\/v2\/types\/page"}],"author":[{"embeddable":true,"href":"https:\/\/sinologija.ffzg.unizg.hr\/index.php?rest_route=\/wp\/v2\/users\/1"}],"replies":[{"embeddable":true,"href":"https:\/\/sinologija.ffzg.unizg.hr\/index.php?rest_route=%2Fwp%2Fv2%2Fcomments&post=1022"}],"version-history":[{"count":6,"href":"https:\/\/sinologija.ffzg.unizg.hr\/index.php?rest_route=\/wp\/v2\/pages\/1022\/revisions"}],"predecessor-version":[{"id":2525,"href":"https:\/\/sinologija.ffzg.unizg.hr\/index.php?rest_route=\/wp\/v2\/pages\/1022\/revisions\/2525"}],"wp:attachment":[{"href":"https:\/\/sinologija.ffzg.unizg.hr\/index.php?rest_route=%2Fwp%2Fv2%2Fmedia&parent=1022"}],"curies":[{"name":"wp","href":"https:\/\/api.w.org\/{rel}","templated":true}]}}